{"id":2050,"date":"2023-05-30T04:01:49","date_gmt":"2023-05-30T04:01:49","guid":{"rendered":"https:\/\/demoapus1.com\/jobtex-new\/?page_id=2050"},"modified":"2025-12-18T16:28:37","modified_gmt":"2025-12-18T15:28:37","slug":"trouver-un-candidat","status":"publish","type":"page","link":"https:\/\/joobrio.com\/tn\/trouver-un-candidat\/","title":{"rendered":"Trouver un candidat"},"content":{"rendered":"\t\t<div data-elementor-type=\"wp-page\" data-elementor-id=\"2050\" class=\"elementor elementor-2050\" data-elementor-post-type=\"page\">\n\t\t\t\t\t\t<section class=\"elementor-section elementor-top-section elementor-element elementor-element-ec040be elementor-section-boxed elementor-section-height-default elementor-section-height-default\" data-id=\"ec040be\" data-element_type=\"section\">\n\t\t\t\t\t\t<div class=\"elementor-container elementor-column-gap-default\">\n\t\t\t\t\t<div class=\"elementor-column elementor-col-100 elementor-top-column elementor-element elementor-element-ef88d5d\" data-id=\"ef88d5d\" data-element_type=\"column\">\n\t\t\t<div class=\"elementor-widget-wrap elementor-element-populated\">\n\t\t\t\t\t\t<div class=\"elementor-element elementor-element-1b1e9af elementor-widget elementor-widget-heading\" data-id=\"1b1e9af\" data-element_type=\"widget\" data-widget_type=\"heading.default\">\n\t\t\t\t<div class=\"elementor-widget-container\">\n\t\t\t<style>\/*! elementor - v3.20.0 - 26-03-2024 *\/\n.elementor-heading-title{padding:0;margin:0;line-height:1}.elementor-widget-heading .elementor-heading-title[class*=elementor-size-]>a{color:inherit;font-size:inherit;line-height:inherit}.elementor-widget-heading .elementor-heading-title.elementor-size-small{font-size:15px}.elementor-widget-heading .elementor-heading-title.elementor-size-medium{font-size:19px}.elementor-widget-heading .elementor-heading-title.elementor-size-large{font-size:29px}.elementor-widget-heading .elementor-heading-title.elementor-size-xl{font-size:39px}.elementor-widget-heading .elementor-heading-title.elementor-size-xxl{font-size:59px}<\/style><h1 class=\"elementor-heading-title elementor-size-default\">Recrutement en Tunisie : trouver des candidats qualifi\u00e9s\n<\/h1>\t\t<\/div>\n\t\t\t\t<\/div>\n\t\t\t\t\t<\/div>\n\t\t<\/div>\n\t\t\t\t\t<\/div>\n\t\t<\/section>\n\t\t\t\t<section class=\"elementor-section elementor-top-section elementor-element elementor-element-43e8fe elementor-section-boxed elementor-section-height-default elementor-section-height-default\" data-id=\"43e8fe\" data-element_type=\"section\">\n\t\t\t\t\t\t<div class=\"elementor-container elementor-column-gap-default\">\n\t\t\t\t\t<div class=\"elementor-column elementor-col-100 elementor-top-column elementor-element elementor-element-6f23defd\" data-id=\"6f23defd\" data-element_type=\"column\">\n\t\t\t<div class=\"elementor-widget-wrap elementor-element-populated\">\n\t\t\t\t\t\t<div class=\"elementor-element elementor-element-7d251da8 elementor-widget elementor-widget-shortcode\" data-id=\"7d251da8\" data-element_type=\"widget\" data-widget_type=\"shortcode.default\">\n\t\t\t\t<div class=\"elementor-widget-container\">\n\t\t\t\t\t<div class=\"elementor-shortcode\"><div class=\"candidates-listing-wrapper main-items-wrapper layout-type-3\" data-display_mode=\"3\">\n\t<div class=\"jobs-alert-ordering-wrapper\">\n<div class=\"results-count\">\n\tAffichage du r\u00e9sultat unique<\/div><div class=\"jobs-ordering-wrapper\">\n\t<form class=\"jobs-ordering\" method=\"get\" action=\"https:\/\/joobrio.com\/tn\/candidates\/\">\n\t\t<select name=\"filter-orderby\" class=\"orderby\">\n\t\t\t\t\t\t\t<option value=\"menu_order\"  selected='selected'>Trier par<\/option>\n\t\t\t\t\t\t\t<option value=\"newest\" >R\u00e9cent<\/option>\n\t\t\t\t\t\t\t<option value=\"oldest\" >Ancien<\/option>\n\t\t\t\t\t\t\t<option value=\"random\" >Al\u00e9atoire<\/option>\n\t\t\t\t\t<\/select>\n\t\t<input type=\"hidden\" name=\"paged\" value=\"1\" \/>\n\t\t\t<\/form>\n<\/div>\n<\/div>\n\t\t\t<div class=\"not-found\">Aucun candidat trouv\u00e9.<\/div>\n\t\n\t<\/div><div class=\"candidates-pagination-wrapper main-pagination-wrapper\">\n\t<\/div>\n<\/div>\n\t\t\t\t<\/div>\n\t\t\t\t<\/div>\n\t\t\t\t\t<\/div>\n\t\t<\/div>\n\t\t\t\t\t<\/div>\n\t\t<\/section>\n\t\t\t\t<\/div>\n\t\t","protected":false},"excerpt":{"rendered":"<p>Recrutement en Tunisie : trouver des candidats qualifi\u00e9s<\/p>\n","protected":false},"author":1,"featured_media":0,"parent":0,"menu_order":0,"comment_status":"closed","ping_status":"closed","template":"page-candidates.php","meta":{"inline_featured_image":false,"footnotes":""},"class_list":["post-2050","page","type-page","status-publish","hentry"],"yoast_head":"<!-- This site is optimized with the Yoast SEO Premium plugin v26.5 (Yoast SEO v26.5) - https:\/\/yoast.com\/wordpress\/plugins\/seo\/ -->\n<title>Recrutement en Tunisie | Trouver des candidats qualifi\u00e9s \u2013 Joobrio<\/title>\n<meta name=\"description\" content=\"Plateforme de recrutement en Tunisie pour les entreprises. Recherchez des candidats qualifi\u00e9s par m\u00e9tier, r\u00e9gion, exp\u00e9rience et formation avec Joobrio.\" \/>\n<meta name=\"robots\" content=\"index, follow, max-snippet:-1, max-image-preview:large, max-video-preview:-1\" \/>\n<link rel=\"canonical\" href=\"https:\/\/joobrio.com\/tn\/trouver-un-candidat\/\" \/>\n<meta property=\"og:locale\" content=\"fr_FR\" \/>\n<meta property=\"og:type\" content=\"article\" \/>\n<meta property=\"og:title\" content=\"Trouver un candidat\" \/>\n<meta property=\"og:description\" content=\"Plateforme de recrutement en Tunisie pour les entreprises. Recherchez des candidats qualifi\u00e9s par m\u00e9tier, r\u00e9gion, exp\u00e9rience et formation avec Joobrio.\" \/>\n<meta property=\"og:url\" content=\"https:\/\/joobrio.com\/tn\/trouver-un-candidat\/\" \/>\n<meta property=\"og:site_name\" content=\"Joobrio\" \/>\n<meta property=\"article:publisher\" content=\"https:\/\/www.facebook.com\/tunisieemploi2013\/\" \/>\n<meta property=\"article:modified_time\" content=\"2025-12-18T15:28:37+00:00\" \/>\n<meta property=\"og:image\" content=\"https:\/\/joobrio.com\/tn\/wp-content\/uploads\/2023\/05\/LOGO-1.png\" \/>\n\t<meta property=\"og:image:width\" content=\"1034\" \/>\n\t<meta property=\"og:image:height\" content=\"374\" \/>\n\t<meta property=\"og:image:type\" content=\"image\/png\" \/>\n<meta name=\"twitter:card\" content=\"summary_large_image\" \/>\n<meta name=\"twitter:site\" content=\"@tunisieemploitn\" \/>\n<meta name=\"twitter:label1\" content=\"Dur\u00e9e de lecture estim\u00e9e\" \/>\n\t<meta name=\"twitter:data1\" content=\"1 minute\" \/>\n<script type=\"application\/ld+json\" class=\"yoast-schema-graph\">{\"@context\":\"https:\/\/schema.org\",\"@graph\":[{\"@type\":\"WebPage\",\"@id\":\"https:\/\/joobrio.com\/tn\/trouver-un-candidat\/\",\"url\":\"https:\/\/joobrio.com\/tn\/trouver-un-candidat\/\",\"name\":\"Recrutement en Tunisie | Trouver des candidats qualifi\u00e9s \u2013 Joobrio\",\"isPartOf\":{\"@id\":\"https:\/\/joobrio.com\/tn\/#website\"},\"datePublished\":\"2023-05-30T04:01:49+00:00\",\"dateModified\":\"2025-12-18T15:28:37+00:00\",\"description\":\"Plateforme de recrutement en Tunisie pour les entreprises. Recherchez des candidats qualifi\u00e9s par m\u00e9tier, r\u00e9gion, exp\u00e9rience et formation avec Joobrio.\",\"breadcrumb\":{\"@id\":\"https:\/\/joobrio.com\/tn\/trouver-un-candidat\/#breadcrumb\"},\"inLanguage\":\"fr-FR\",\"potentialAction\":[{\"@type\":\"ReadAction\",\"target\":[\"https:\/\/joobrio.com\/tn\/trouver-un-candidat\/\"]}]},{\"@type\":\"BreadcrumbList\",\"@id\":\"https:\/\/joobrio.com\/tn\/trouver-un-candidat\/#breadcrumb\",\"itemListElement\":[{\"@type\":\"ListItem\",\"position\":1,\"name\":\"Accueil\",\"item\":\"https:\/\/joobrio.com\/tn\/\"},{\"@type\":\"ListItem\",\"position\":2,\"name\":\"Trouver un candidat\"}]},{\"@type\":\"WebSite\",\"@id\":\"https:\/\/joobrio.com\/tn\/#website\",\"url\":\"https:\/\/joobrio.com\/tn\/\",\"name\":\"Joobrio\",\"description\":\"un click un job\",\"publisher\":{\"@id\":\"https:\/\/joobrio.com\/tn\/#organization\"},\"potentialAction\":[{\"@type\":\"SearchAction\",\"target\":{\"@type\":\"EntryPoint\",\"urlTemplate\":\"https:\/\/joobrio.com\/tn\/?s={search_term_string}\"},\"query-input\":{\"@type\":\"PropertyValueSpecification\",\"valueRequired\":true,\"valueName\":\"search_term_string\"}}],\"inLanguage\":\"fr-FR\"},{\"@type\":\"Organization\",\"@id\":\"https:\/\/joobrio.com\/tn\/#organization\",\"name\":\"Offre d'emploi en Tunisie\",\"alternateName\":\"Offre d'emploi en Tunisie\",\"url\":\"https:\/\/joobrio.com\/tn\/\",\"logo\":{\"@type\":\"ImageObject\",\"inLanguage\":\"fr-FR\",\"@id\":\"https:\/\/joobrio.com\/tn\/#\/schema\/logo\/image\/\",\"url\":\"https:\/\/joobrio.com\/tn\/wp-content\/uploads\/2023\/05\/LOGO-1.png\",\"contentUrl\":\"https:\/\/joobrio.com\/tn\/wp-content\/uploads\/2023\/05\/LOGO-1.png\",\"width\":1034,\"height\":374,\"caption\":\"Offre d'emploi en Tunisie\"},\"image\":{\"@id\":\"https:\/\/joobrio.com\/tn\/#\/schema\/logo\/image\/\"},\"sameAs\":[\"https:\/\/www.facebook.com\/tunisieemploi2013\/\",\"https:\/\/x.com\/tunisieemploitn\"]}]}<\/script>\n<!-- \/ Yoast SEO Premium plugin. -->","yoast_head_json":{"title":"Recrutement en Tunisie | Trouver des candidats qualifi\u00e9s \u2013 Joobrio","description":"Plateforme de recrutement en Tunisie pour les entreprises. Recherchez des candidats qualifi\u00e9s par m\u00e9tier, r\u00e9gion, exp\u00e9rience et formation avec Joobrio.","robots":{"index":"index","follow":"follow","max-snippet":"max-snippet:-1","max-image-preview":"max-image-preview:large","max-video-preview":"max-video-preview:-1"},"canonical":"https:\/\/joobrio.com\/tn\/trouver-un-candidat\/","og_locale":"fr_FR","og_type":"article","og_title":"Trouver un candidat","og_description":"Plateforme de recrutement en Tunisie pour les entreprises. Recherchez des candidats qualifi\u00e9s par m\u00e9tier, r\u00e9gion, exp\u00e9rience et formation avec Joobrio.","og_url":"https:\/\/joobrio.com\/tn\/trouver-un-candidat\/","og_site_name":"Joobrio","article_publisher":"https:\/\/www.facebook.com\/tunisieemploi2013\/","article_modified_time":"2025-12-18T15:28:37+00:00","og_image":[{"width":1034,"height":374,"url":"https:\/\/joobrio.com\/tn\/wp-content\/uploads\/2023\/05\/LOGO-1.png","type":"image\/png"}],"twitter_card":"summary_large_image","twitter_site":"@tunisieemploitn","twitter_misc":{"Dur\u00e9e de lecture estim\u00e9e":"1 minute"},"schema":{"@context":"https:\/\/schema.org","@graph":[{"@type":"WebPage","@id":"https:\/\/joobrio.com\/tn\/trouver-un-candidat\/","url":"https:\/\/joobrio.com\/tn\/trouver-un-candidat\/","name":"Recrutement en Tunisie | Trouver des candidats qualifi\u00e9s \u2013 Joobrio","isPartOf":{"@id":"https:\/\/joobrio.com\/tn\/#website"},"datePublished":"2023-05-30T04:01:49+00:00","dateModified":"2025-12-18T15:28:37+00:00","description":"Plateforme de recrutement en Tunisie pour les entreprises. Recherchez des candidats qualifi\u00e9s par m\u00e9tier, r\u00e9gion, exp\u00e9rience et formation avec Joobrio.","breadcrumb":{"@id":"https:\/\/joobrio.com\/tn\/trouver-un-candidat\/#breadcrumb"},"inLanguage":"fr-FR","potentialAction":[{"@type":"ReadAction","target":["https:\/\/joobrio.com\/tn\/trouver-un-candidat\/"]}]},{"@type":"BreadcrumbList","@id":"https:\/\/joobrio.com\/tn\/trouver-un-candidat\/#breadcrumb","itemListElement":[{"@type":"ListItem","position":1,"name":"Accueil","item":"https:\/\/joobrio.com\/tn\/"},{"@type":"ListItem","position":2,"name":"Trouver un candidat"}]},{"@type":"WebSite","@id":"https:\/\/joobrio.com\/tn\/#website","url":"https:\/\/joobrio.com\/tn\/","name":"Joobrio","description":"un click un job","publisher":{"@id":"https:\/\/joobrio.com\/tn\/#organization"},"potentialAction":[{"@type":"SearchAction","target":{"@type":"EntryPoint","urlTemplate":"https:\/\/joobrio.com\/tn\/?s={search_term_string}"},"query-input":{"@type":"PropertyValueSpecification","valueRequired":true,"valueName":"search_term_string"}}],"inLanguage":"fr-FR"},{"@type":"Organization","@id":"https:\/\/joobrio.com\/tn\/#organization","name":"Offre d'emploi en Tunisie","alternateName":"Offre d'emploi en Tunisie","url":"https:\/\/joobrio.com\/tn\/","logo":{"@type":"ImageObject","inLanguage":"fr-FR","@id":"https:\/\/joobrio.com\/tn\/#\/schema\/logo\/image\/","url":"https:\/\/joobrio.com\/tn\/wp-content\/uploads\/2023\/05\/LOGO-1.png","contentUrl":"https:\/\/joobrio.com\/tn\/wp-content\/uploads\/2023\/05\/LOGO-1.png","width":1034,"height":374,"caption":"Offre d'emploi en Tunisie"},"image":{"@id":"https:\/\/joobrio.com\/tn\/#\/schema\/logo\/image\/"},"sameAs":["https:\/\/www.facebook.com\/tunisieemploi2013\/","https:\/\/x.com\/tunisieemploitn"]}]}},"_links":{"self":[{"href":"https:\/\/joobrio.com\/tn\/wp-json\/wp\/v2\/pages\/2050","targetHints":{"allow":["GET"]}}],"collection":[{"href":"https:\/\/joobrio.com\/tn\/wp-json\/wp\/v2\/pages"}],"about":[{"href":"https:\/\/joobrio.com\/tn\/wp-json\/wp\/v2\/types\/page"}],"author":[{"embeddable":true,"href":"https:\/\/joobrio.com\/tn\/wp-json\/wp\/v2\/users\/1"}],"replies":[{"embeddable":true,"href":"https:\/\/joobrio.com\/tn\/wp-json\/wp\/v2\/comments?post=2050"}],"version-history":[{"count":6,"href":"https:\/\/joobrio.com\/tn\/wp-json\/wp\/v2\/pages\/2050\/revisions"}],"predecessor-version":[{"id":10585,"href":"https:\/\/joobrio.com\/tn\/wp-json\/wp\/v2\/pages\/2050\/revisions\/10585"}],"wp:attachment":[{"href":"https:\/\/joobrio.com\/tn\/wp-json\/wp\/v2\/media?parent=2050"}],"curies":[{"name":"wp","href":"https:\/\/api.w.org\/{rel}","templated":true}]}}