{"id":5734,"date":"2025-09-19T16:02:59","date_gmt":"2025-09-19T14:02:59","guid":{"rendered":"https:\/\/jobfid.novprojet.com\/?page_id=5734"},"modified":"2025-12-08T13:46:46","modified_gmt":"2025-12-08T12:46:46","slug":"salaire","status":"publish","type":"page","link":"https:\/\/joobrio.com\/tn\/salaire\/","title":{"rendered":"salaire"},"content":{"rendered":"","protected":false},"excerpt":{"rendered":"","protected":false},"author":1,"featured_media":0,"parent":0,"menu_order":0,"comment_status":"closed","ping_status":"closed","template":"","meta":{"inline_featured_image":false,"footnotes":""},"class_list":["post-5734","page","type-page","status-publish","hentry"],"yoast_head":"<!-- This site is optimized with the Yoast SEO Premium plugin v26.5 (Yoast SEO v26.5) - https:\/\/yoast.com\/wordpress\/plugins\/seo\/ -->\n<title>Salaires Moyens par Cat\u00e9gorie et Ville en Tunisie l Joobrio<\/title>\n<meta name=\"description\" content=\"D\u00e9couvrez les salaires moyens par cat\u00e9gorie d&#039;emploi et par ville en Tunisie. Des donn\u00e9es fiables, mises \u00e0 jour r\u00e9guli\u00e8rement, bas\u00e9es sur nos offres d&#039;emploi.\" \/>\n<meta name=\"robots\" content=\"index, follow, max-snippet:-1, max-image-preview:large, max-video-preview:-1\" \/>\n<link rel=\"canonical\" href=\"https:\/\/joobrio.com\/tn\/salaire\/\" \/>\n<meta property=\"og:locale\" content=\"fr_FR\" \/>\n<meta property=\"og:type\" content=\"article\" \/>\n<meta property=\"og:title\" content=\"salaire\" \/>\n<meta property=\"og:description\" content=\"D\u00e9couvrez les salaires moyens par cat\u00e9gorie d&#039;emploi et par ville en Tunisie. Des donn\u00e9es fiables, mises \u00e0 jour r\u00e9guli\u00e8rement, bas\u00e9es sur nos offres d&#039;emploi.\" \/>\n<meta property=\"og:url\" content=\"https:\/\/joobrio.com\/tn\/salaire\/\" \/>\n<meta property=\"og:site_name\" content=\"Joobrio\" \/>\n<meta property=\"article:publisher\" content=\"https:\/\/www.facebook.com\/tunisieemploi2013\/\" \/>\n<meta property=\"article:modified_time\" content=\"2025-12-08T12:46:46+00:00\" \/>\n<meta property=\"og:image\" content=\"https:\/\/joobrio.com\/tn\/wp-content\/uploads\/2023\/05\/LOGO-1.png\" \/>\n\t<meta property=\"og:image:width\" content=\"1034\" \/>\n\t<meta property=\"og:image:height\" content=\"374\" \/>\n\t<meta property=\"og:image:type\" content=\"image\/png\" \/>\n<meta name=\"twitter:card\" content=\"summary_large_image\" \/>\n<meta name=\"twitter:site\" content=\"@tunisieemploitn\" \/>\n<script type=\"application\/ld+json\" class=\"yoast-schema-graph\">{\"@context\":\"https:\/\/schema.org\",\"@graph\":[{\"@type\":\"WebPage\",\"@id\":\"https:\/\/joobrio.com\/tn\/salaire\/\",\"url\":\"https:\/\/joobrio.com\/tn\/salaire\/\",\"name\":\"Salaires Moyens par Cat\u00e9gorie et Ville en Tunisie l Joobrio\",\"isPartOf\":{\"@id\":\"https:\/\/joobrio.com\/tn\/#website\"},\"datePublished\":\"2025-09-19T14:02:59+00:00\",\"dateModified\":\"2025-12-08T12:46:46+00:00\",\"description\":\"D\u00e9couvrez les salaires moyens par cat\u00e9gorie d'emploi et par ville en Tunisie. Des donn\u00e9es fiables, mises \u00e0 jour r\u00e9guli\u00e8rement, bas\u00e9es sur nos offres d'emploi.\",\"breadcrumb\":{\"@id\":\"https:\/\/joobrio.com\/tn\/salaire\/#breadcrumb\"},\"inLanguage\":\"fr-FR\",\"potentialAction\":[{\"@type\":\"ReadAction\",\"target\":[\"https:\/\/joobrio.com\/tn\/salaire\/\"]}]},{\"@type\":\"BreadcrumbList\",\"@id\":\"https:\/\/joobrio.com\/tn\/salaire\/#breadcrumb\",\"itemListElement\":[{\"@type\":\"ListItem\",\"position\":1,\"name\":\"Accueil\",\"item\":\"https:\/\/joobrio.com\/tn\/\"},{\"@type\":\"ListItem\",\"position\":2,\"name\":\"salaire\"}]},{\"@type\":\"WebSite\",\"@id\":\"https:\/\/joobrio.com\/tn\/#website\",\"url\":\"https:\/\/joobrio.com\/tn\/\",\"name\":\"Joobrio\",\"description\":\"un click un job\",\"publisher\":{\"@id\":\"https:\/\/joobrio.com\/tn\/#organization\"},\"potentialAction\":[{\"@type\":\"SearchAction\",\"target\":{\"@type\":\"EntryPoint\",\"urlTemplate\":\"https:\/\/joobrio.com\/tn\/?s={search_term_string}\"},\"query-input\":{\"@type\":\"PropertyValueSpecification\",\"valueRequired\":true,\"valueName\":\"search_term_string\"}}],\"inLanguage\":\"fr-FR\"},{\"@type\":\"Organization\",\"@id\":\"https:\/\/joobrio.com\/tn\/#organization\",\"name\":\"Offre d'emploi en Tunisie\",\"alternateName\":\"Offre d'emploi en Tunisie\",\"url\":\"https:\/\/joobrio.com\/tn\/\",\"logo\":{\"@type\":\"ImageObject\",\"inLanguage\":\"fr-FR\",\"@id\":\"https:\/\/joobrio.com\/tn\/#\/schema\/logo\/image\/\",\"url\":\"https:\/\/joobrio.com\/tn\/wp-content\/uploads\/2023\/05\/LOGO-1.png\",\"contentUrl\":\"https:\/\/joobrio.com\/tn\/wp-content\/uploads\/2023\/05\/LOGO-1.png\",\"width\":1034,\"height\":374,\"caption\":\"Offre d'emploi en Tunisie\"},\"image\":{\"@id\":\"https:\/\/joobrio.com\/tn\/#\/schema\/logo\/image\/\"},\"sameAs\":[\"https:\/\/www.facebook.com\/tunisieemploi2013\/\",\"https:\/\/x.com\/tunisieemploitn\"]}]}<\/script>\n<!-- \/ Yoast SEO Premium plugin. -->","yoast_head_json":{"title":"Salaires Moyens par Cat\u00e9gorie et Ville en Tunisie l Joobrio","description":"D\u00e9couvrez les salaires moyens par cat\u00e9gorie d'emploi et par ville en Tunisie. Des donn\u00e9es fiables, mises \u00e0 jour r\u00e9guli\u00e8rement, bas\u00e9es sur nos offres d'emploi.","robots":{"index":"index","follow":"follow","max-snippet":"max-snippet:-1","max-image-preview":"max-image-preview:large","max-video-preview":"max-video-preview:-1"},"canonical":"https:\/\/joobrio.com\/tn\/salaire\/","og_locale":"fr_FR","og_type":"article","og_title":"salaire","og_description":"D\u00e9couvrez les salaires moyens par cat\u00e9gorie d'emploi et par ville en Tunisie. Des donn\u00e9es fiables, mises \u00e0 jour r\u00e9guli\u00e8rement, bas\u00e9es sur nos offres d'emploi.","og_url":"https:\/\/joobrio.com\/tn\/salaire\/","og_site_name":"Joobrio","article_publisher":"https:\/\/www.facebook.com\/tunisieemploi2013\/","article_modified_time":"2025-12-08T12:46:46+00:00","og_image":[{"width":1034,"height":374,"url":"https:\/\/joobrio.com\/tn\/wp-content\/uploads\/2023\/05\/LOGO-1.png","type":"image\/png"}],"twitter_card":"summary_large_image","twitter_site":"@tunisieemploitn","schema":{"@context":"https:\/\/schema.org","@graph":[{"@type":"WebPage","@id":"https:\/\/joobrio.com\/tn\/salaire\/","url":"https:\/\/joobrio.com\/tn\/salaire\/","name":"Salaires Moyens par Cat\u00e9gorie et Ville en Tunisie l Joobrio","isPartOf":{"@id":"https:\/\/joobrio.com\/tn\/#website"},"datePublished":"2025-09-19T14:02:59+00:00","dateModified":"2025-12-08T12:46:46+00:00","description":"D\u00e9couvrez les salaires moyens par cat\u00e9gorie d'emploi et par ville en Tunisie. Des donn\u00e9es fiables, mises \u00e0 jour r\u00e9guli\u00e8rement, bas\u00e9es sur nos offres d'emploi.","breadcrumb":{"@id":"https:\/\/joobrio.com\/tn\/salaire\/#breadcrumb"},"inLanguage":"fr-FR","potentialAction":[{"@type":"ReadAction","target":["https:\/\/joobrio.com\/tn\/salaire\/"]}]},{"@type":"BreadcrumbList","@id":"https:\/\/joobrio.com\/tn\/salaire\/#breadcrumb","itemListElement":[{"@type":"ListItem","position":1,"name":"Accueil","item":"https:\/\/joobrio.com\/tn\/"},{"@type":"ListItem","position":2,"name":"salaire"}]},{"@type":"WebSite","@id":"https:\/\/joobrio.com\/tn\/#website","url":"https:\/\/joobrio.com\/tn\/","name":"Joobrio","description":"un click un job","publisher":{"@id":"https:\/\/joobrio.com\/tn\/#organization"},"potentialAction":[{"@type":"SearchAction","target":{"@type":"EntryPoint","urlTemplate":"https:\/\/joobrio.com\/tn\/?s={search_term_string}"},"query-input":{"@type":"PropertyValueSpecification","valueRequired":true,"valueName":"search_term_string"}}],"inLanguage":"fr-FR"},{"@type":"Organization","@id":"https:\/\/joobrio.com\/tn\/#organization","name":"Offre d'emploi en Tunisie","alternateName":"Offre d'emploi en Tunisie","url":"https:\/\/joobrio.com\/tn\/","logo":{"@type":"ImageObject","inLanguage":"fr-FR","@id":"https:\/\/joobrio.com\/tn\/#\/schema\/logo\/image\/","url":"https:\/\/joobrio.com\/tn\/wp-content\/uploads\/2023\/05\/LOGO-1.png","contentUrl":"https:\/\/joobrio.com\/tn\/wp-content\/uploads\/2023\/05\/LOGO-1.png","width":1034,"height":374,"caption":"Offre d'emploi en Tunisie"},"image":{"@id":"https:\/\/joobrio.com\/tn\/#\/schema\/logo\/image\/"},"sameAs":["https:\/\/www.facebook.com\/tunisieemploi2013\/","https:\/\/x.com\/tunisieemploitn"]}]}},"_links":{"self":[{"href":"https:\/\/joobrio.com\/tn\/wp-json\/wp\/v2\/pages\/5734","targetHints":{"allow":["GET"]}}],"collection":[{"href":"https:\/\/joobrio.com\/tn\/wp-json\/wp\/v2\/pages"}],"about":[{"href":"https:\/\/joobrio.com\/tn\/wp-json\/wp\/v2\/types\/page"}],"author":[{"embeddable":true,"href":"https:\/\/joobrio.com\/tn\/wp-json\/wp\/v2\/users\/1"}],"replies":[{"embeddable":true,"href":"https:\/\/joobrio.com\/tn\/wp-json\/wp\/v2\/comments?post=5734"}],"version-history":[{"count":1,"href":"https:\/\/joobrio.com\/tn\/wp-json\/wp\/v2\/pages\/5734\/revisions"}],"predecessor-version":[{"id":5735,"href":"https:\/\/joobrio.com\/tn\/wp-json\/wp\/v2\/pages\/5734\/revisions\/5735"}],"wp:attachment":[{"href":"https:\/\/joobrio.com\/tn\/wp-json\/wp\/v2\/media?parent=5734"}],"curies":[{"name":"wp","href":"https:\/\/api.w.org\/{rel}","templated":true}]}}